{"id":772,"date":"2023-10-17T00:01:31","date_gmt":"2023-10-17T00:01:31","guid":{"rendered":"https:\/\/passion-secrets.mx\/habitaciones\/?page_id=772"},"modified":"2023-10-17T00:13:45","modified_gmt":"2023-10-17T00:13:45","slug":"aviso-de-privacidad","status":"publish","type":"page","link":"https:\/\/passion-secrets.mx\/habitaciones\/aviso-de-privacidad\/","title":{"rendered":"Aviso de privacidad"},"content":{"rendered":"\t\t<div data-elementor-type=\"wp-page\" data-elementor-id=\"772\" class=\"elementor elementor-772\" data-elementor-post-type=\"page\">\n\t\t\t\t\t\t<section class=\"elementor-section elementor-top-section elementor-element elementor-element-799bcc5 elementor-section-full_width elementor-section-height-default elementor-section-height-default\" data-id=\"799bcc5\" data-element_type=\"section\" data-settings=\"{&quot;background_background&quot;:&quot;classic&quot;}\">\n\t\t\t\t\t\t<div class=\"elementor-container elementor-column-gap-default\">\n\t\t\t\t\t<div class=\"elementor-column elementor-col-100 elementor-top-column elementor-element elementor-element-68bc3ee\" data-id=\"68bc3ee\" data-element_type=\"column\">\n\t\t\t<div class=\"elementor-widget-wrap elementor-element-populated\">\n\t\t\t\t\t\t<div class=\"elementor-element elementor-element-16598f4 elementor-widget elementor-widget-spacer\" data-id=\"16598f4\" data-element_type=\"widget\" data-widget_type=\"spacer.default\">\n\t\t\t\t<div class=\"elementor-widget-container\">\n\t\t\t\t\t\t\t<div class=\"elementor-spacer\">\n\t\t\t<div class=\"elementor-spacer-inner\"><\/div>\n\t\t<\/div>\n\t\t\t\t\t\t<\/div>\n\t\t\t\t<\/div>\n\t\t\t\t\t<\/div>\n\t\t<\/div>\n\t\t\t\t\t<\/div>\n\t\t<\/section>\n\t\t\t\t<section class=\"elementor-section elementor-top-section elementor-element elementor-element-ab26fa5 elementor-section-boxed elementor-section-height-default elementor-section-height-default\" data-id=\"ab26fa5\" data-element_type=\"section\">\n\t\t\t\t\t\t<div class=\"elementor-container elementor-column-gap-default\">\n\t\t\t\t\t<div class=\"elementor-column elementor-col-100 elementor-top-column elementor-element elementor-element-b238368\" data-id=\"b238368\" data-element_type=\"column\">\n\t\t\t<div class=\"elementor-widget-wrap elementor-element-populated\">\n\t\t\t\t\t\t<div class=\"elementor-element elementor-element-d8aaddf elementor-widget elementor-widget-heading\" data-id=\"d8aaddf\" data-element_type=\"widget\" data-widget_type=\"heading.default\">\n\t\t\t\t<div class=\"elementor-widget-container\">\n\t\t\t\t\t<h2 class=\"elementor-heading-title elementor-size-default\">Aviso de privacidad<\/h2>\t\t\t\t<\/div>\n\t\t\t\t<\/div>\n\t\t\t\t<div class=\"elementor-element elementor-element-ed85086 elementor-widget elementor-widget-text-editor\" data-id=\"ed85086\" data-element_type=\"widget\" data-widget_type=\"text-editor.default\">\n\t\t\t\t<div class=\"elementor-widget-container\">\n\t\t\t\t\t\t\t\t\t<p>Ceronueve 71 S.A. de C.V. con domicilio en Av. Paseo Tollocan Oriente 806, Santa Ana Tlapaltitlan, Toluca CP 50160, M\u00e9xico, es responsable del tratamiento de sus datos personales.<\/p><p>C\u00f3mo contactarnos: Oficina de privacidad: Departamento de Protecci\u00f3n de Datos Personales ubicado en el \u00e1rea de Recursos Humanos Domicilio: Av. Paseo Tollocan Oriente 806, Santa Ana Tlapaltitlan, Toluca CP 50160, M\u00e9xico, Correo electr\u00f3nico:<a href=\"mailto:%C2%A0reservas@escajal.com%C2%A0\"> passionsecretsyvillas01@gmail.com\u00a0<\/a>Tel\u00e9fono: (722) 217 9666<\/p><p>Sus datos personales ser\u00e1n utilizados para las siguientes finalidades:<\/p><ul><li>Proveer los servicios y productos requeridos por usted y que cumplan con sus necesidades y expectativas;<\/li><li>Informar sobre cambios o nuevos productos o servicios que est\u00e9n relacionados con el servicio solicitado;<\/li><li>Dar cumplimiento a obligaciones contra\u00eddas con nuestros clientes;<\/li><li>Evaluar la calidad del servicio, y realizar estudios internos sobre h\u00e1bitos de consumo.<\/li><\/ul><p>Para las finalidades se\u00f1aladas en el presente aviso de privacidad, podemos recabar sus datos personales de distintas formas: cuando usted nos los proporciona directamente; cuando visita nuestro sitio de Internet o utiliza nuestros servicios en l\u00ednea, en las actividades que realiza dentro de nuestras instalaciones y cuando obtenemos informaci\u00f3n a trav\u00e9s de otras fuentes que est\u00e1n permitidas por la ley.<\/p><p>Recabamos sus datos personales de forma directa cuando usted mismo nos los proporciona por diversos medios, como cuando participa en nuestras promociones o nos da informaci\u00f3n con objeto de que le prestemos un servicio.<\/p><p>As\u00ed como los datos personales que recabamos cuando visita nuestro sitio de Internet o utiliza nuestros servicios en l\u00ednea o datos personales que recabamos a trav\u00e9s de otras fuentes permitidas por la Ley.<\/p><p>Podemos obtener informaci\u00f3n de usted de otras fuentes permitidas por la ley, tales como los directorios telef\u00f3nicos o laborales.<\/p><p>Le informamos que para cumplir con las finalidades previstas en este aviso de privacidad, ser\u00e1n recabados y tratados datos personales sensibles, como aqu\u00e9llos que refieren a estado de salud presente o futura, informaci\u00f3n gen\u00e9tica, creencias religiosas, filos\u00f3ficas y morales, afiliaci\u00f3n sindical, preferencias sexuales, etc.<\/p><p>Nos comprometemos a que los mismos ser\u00e1n tratados bajo las m\u00e1s estrictas medidas de\u00a0seguridad que garanticen su confidencialidad.<\/p><p>De conformidad con lo que establece el art\u00edculo 9 de la Ley en cita, requerimos de su consentimiento expreso para el tratamiento de sus datos personales sensibles, por lo que le solicitamos indique si acepta o no el tratamiento:<\/p><ul><li>Consiento que mis datos personales sensibles sean tratados conforme a los t\u00e9rminos y condiciones del presente aviso de privacidad.<\/li><\/ul><p>Usted puede dejar de recibir mensajes promocionales por tel\u00e9fono fijo o celular notific\u00e1ndolo as\u00ed a la siguiente direcci\u00f3n de correo electr\u00f3nico:\u00a0<a href=\"mailto:passionsecretsyvillas01@gmail.com\">passionsecretsyvillas01@gmail.com<\/a><\/p><p>Asimismo, puede dejar de recibir correo postal publicitario. El correo postal publicitario puede contener instrucciones para optar por no participar o puede dejar de recibir correo postal.<\/p><p>Tambi\u00e9n puede dejar de recibir correos electr\u00f3nicos con promocionales a trav\u00e9s de la solicitud a la direcci\u00f3n de correo electr\u00f3nico siguiente:\u00a0<a href=\"mailto:passionsecretsyvillas01@gmail.com\">passionsecretsyvillas01@gmail.com<\/a><\/p><p>Usted tiene derecho de acceder a sus datos personales que poseemos y a los detalles del tratamiento de los mismos, as\u00ed como a rectificarlos en caso de ser inexactos o incompletos; cancelarlos cuando considere que no se requieren para alguna de las finalidades se\u00f1aladas en el presente aviso de privacidad, est\u00e9n siendo utilizados para finalidades no consentidas o haya finalizado la relaci\u00f3n contractual o de servicio, o bien, oponerse al tratamiento de los mismos para fines espec\u00edficos.<\/p><p>Los mecanismos que se han implementado para el ejercicio de dichos derechos son a trav\u00e9s de la presentaci\u00f3n de la solicitud respectiva en:\u00a0<a href=\"mailto:passionsecretsyvillas01@gmail.com\">passionsecretsyvillas01@gmail.com<\/a><\/p><p>El titular o su representante legal podr\u00e1n solicitar al responsable en cualquier momento el acceso, rectificaci\u00f3n, cancelaci\u00f3n u oposici\u00f3n, respecto de los datos personales que le conciernen.<\/p><p>La solicitud de acceso, rectificaci\u00f3n, cancelaci\u00f3n u oposici\u00f3n deber\u00e1 presentarse por escrito en el Departamento de Privacidad de Datos Personales en nuestras oficinas ubicadas en:<\/p><p>\u00c1rea de Recursos Humanos, Av. Paseo Tollocan Oriente 806, Santa Ana Tlapaltitlan, Toluca CP 50160, M\u00e9xico\u00a0La solicitud deber\u00e1 contener y acompa\u00f1ar lo siguiente:<\/p><p>I.- El nombre del titular, domicilio, as\u00ed como alg\u00fan tel\u00e9fono y otro medio para comunicarle la respuesta a su solicitud;<\/p><p>II.- Con la finalidad de acreditar su identidad, la persona f\u00edsica deber\u00e1 anexar a su solicitud original y copia para su cotejo, de alguno de los siguientes documentos:<\/p><p>Pasaporte vigente, Credencial para votar, C\u00e9dula Profesional, Cartilla del Servicio Militar Nacional, Documento migratorio vigente emitido por la autoridad competente (trat\u00e1ndose de extranjeros), Certificado de Matricula Consular, Firma electr\u00f3nica amparada por un certificado digital vigente.<\/p><p>III.- En anexar a la misma una carta poder firmada por el titular de los datos donde se\u00f1ale expresamente que dicho representante legal est\u00e1 autorizado para hacer valer los Derechos de acceso, rectificaci\u00f3n, cancelaci\u00f3n y oposici\u00f3n por cuenta y nombre del usuario, debidamente protocolizada ante notario p\u00fablico, a fin de garantizar certidumbre legal tanto del interesado como a la propia instituci\u00f3n. Dicha carta deber\u00e1 contener anexo alguno de los documentos de identificaci\u00f3n del usuario previamente mencionados en el n\u00famero dos. Adicionalmente, el representante legal, deber\u00e1 anexar una carta poder tambi\u00e9n protocolizada ante notario p\u00fablico.<\/p><p>IV.- La descripci\u00f3n clara y precisa de los datos personales respecto de los que se busca ejercer alguno de los derechos antes mencionados.<\/p><p>V.- Cualquier otro elemento o documento que facilite la localizaci\u00f3n de los datos personales en\u00a0caso de que presente la Solicitud por medio de un representante legal se deber\u00e1<\/p><p>VI.- En las solicitudes de rectificaci\u00f3n de datos personales, el usuario de los servicios deber\u00e1 indicar claramente, adem\u00e1s de lo se\u00f1alado anteriormente, las modificaciones a realizarse y aportar la documentaci\u00f3n que sustente su petici\u00f3n.<\/p><p>V.- El responsable comunicar\u00e1 al usuario de los servicios en un plazo m\u00e1ximo de veinte d\u00edas, contados desde la fecha en que se recibi\u00f3 la solicitud de acceso, rectificaci\u00f3n, cancelaci\u00f3n u oposici\u00f3n, la determinaci\u00f3n adoptada, a efecto de que, si resulta procedente, se haga efectiva la misma dentro de los quince d\u00edas siguientes a la fecha en que se comunica la respuesta.<\/p><p>VI.- Trat\u00e1ndose de solicitudes de\u00a0<strong>acceso\u00a0<\/strong>a datos personales, proceder\u00e1 la entrega previa acreditaci\u00f3n de la identidad del solicitante, usuario de los servicios o representante legal, seg\u00fan corresponda. Los plazos se\u00f1alados ser\u00e1n contados por d\u00edas h\u00e1biles. La obligaci\u00f3n de acceso a la informaci\u00f3n se dar\u00e1 por cumplida cuando se pongan a disposici\u00f3n del usuario de los servicios los datos personales; o bien, mediante la expedici\u00f3n de copias simples, documentos electr\u00f3nicos o cualquier otro medio que se le informe al usuario de los servicios una vez realizada la solicitud.<\/p><p>VII.- Los plazos antes referidos podr\u00e1n ser ampliados una sola vez por un periodo igual, siempre y cuando as\u00ed lo justifiquen las circunstancias del caso.<\/p><p>VIII.- El responsable podr\u00e1 negar el acceso a los datos personales, o a realizar la rectificaci\u00f3n o cancelaci\u00f3n o conceder la oposici\u00f3n al tratamiento de los mismos, en los siguientes supuestos:<\/p><ol><li>A) Cuando el solicitante no sea el titular de los datos personales, o el representante legal no est\u00e9 debidamente acreditado para ello;<\/li><li>B) Cuando en su base de datos, no se encuentren los datos personales del solicitante;<\/li><li>C) Cuando se lesionen derechos de un tercero;<\/li><li>D) Cuando exista un impedimento legal, o la resoluci\u00f3n de una autoridad competente, que restrinja el acceso a los datos personales, o no permita la rectificaci\u00f3n, cancelaci\u00f3n u oposici\u00f3n de los mismos, y<\/li><li>E) Cuando la rectificaci\u00f3n, cancelaci\u00f3n u oposici\u00f3n haya sido previamente realizada.<\/li><\/ol><p>La negativa a que se hace alusi\u00f3n anteriormente podr\u00e1 ser parcial en cuyo caso el responsable efectuar\u00e1 el acceso, rectificaci\u00f3n, cancelaci\u00f3n u oposici\u00f3n requerida por el usuario de los servicios en forma parcial.<\/p><p>La entrega de los datos personales ser\u00e1 gratuita, debiendo cubrir el usuario de los servicios, los gastos justificados de env\u00edo o con el costo de reproducci\u00f3n en copias u otros formatos.<\/p><p>El responsable comunicara al titular, en un plazo m\u00e1ximo de veinte d\u00edas, contados desde la fecha en que se recibi\u00f3 la solicitud de acceso, rectificaci\u00f3n, cancelaci\u00f3n u oposici\u00f3n, la determinaci\u00f3n adoptada, a efecto de que, si resulta procedente, se haga efectiva la misma dentro de los quince d\u00edas siguientes a la fecha en que se comunica la respuesta. Trat\u00e1ndose de solicitudes de acceso a datos personales, proceder\u00e1 la entrega previa acreditaci\u00f3n de la identidad del solicitante o representante legal, seg\u00fan corresponda. Los plazos se\u00f1alados ser\u00e1n contados por d\u00edas h\u00e1biles.<\/p><p>La obligaci\u00f3n de acceso a la informaci\u00f3n se dar\u00e1 por cumplida cuando se pongan a disposici\u00f3n del titular los datos personales; o bien, mediante la expedici\u00f3n de copias simples, documentos electr\u00f3nicos o cualquier otro medio que se le informe al Titular una vez realizada la solicitud.<\/p><p>En caso de que el titular solicite el acceso a los datos a una persona que presume es el responsable y \u00e9sta resulta no serlo, bastar\u00e1 con que as\u00ed se le indique al titular por cualquiera de los medios ya mencionados, para tener por cumplida la solicitud.<\/p><p>El responsable podr\u00e1 negar el acceso a los datos personales, o a realizar la rectificaci\u00f3n o cancelaci\u00f3n o conceder la oposici\u00f3n al tratamiento de los mismos en los siguientes supuestos:<\/p><ol><li>A) Cuando el solicitante no sea el titular de los datos personales, o el representante legal no est\u00e9 debidamente acreditado para ello;<\/li><li>B) Cuando en su base de datos, no se encuentren los datos personales del solicitante;<\/li><li>C) Cuando se lesionen derechos de un tercero;<\/li><li>D) Cuando exista un impedimento legal, o la resoluci\u00f3n de una autoridad competente, que restrinja el acceso a los datos personales, o no permita la rectificaci\u00f3n, cancelaci\u00f3n u oposici\u00f3n de los mismos, y<\/li><li>E) Cuando la rectificaci\u00f3n, cancelaci\u00f3n u oposici\u00f3n haya sido previamente realizada.<\/li><\/ol><p>La negativa a que se hace alusi\u00f3n anteriormente podr\u00e1 ser parcial en cuyo caso el responsable efectuar\u00e1 el acceso, rectificaci\u00f3n, cancelaci\u00f3n u oposici\u00f3n requerida por el titular en forma parcial.<\/p><p>La entrega de los datos personales ser\u00e1 gratuita, debiendo cubrir el titular \u00fanicamente los gastos justificados de env\u00edo o con el costo de reproducci\u00f3n en copias u otros formatos.<\/p><p>Dicho derecho se ejercer\u00e1 por el titular en forma gratuita, previa acreditaci\u00f3n de su identidad ante el responsable. No obstante, si la misma persona reitera su solicitud en un periodo menor a doce meses, los costos no ser\u00e1n mayores a tres d\u00edas de Salario M\u00ednimo General Vigente en la Zona del Responsable de la Informaci\u00f3n, a menos que existan modificaciones sustanciales al aviso de privacidad que motiven nuevas consultas.<\/p><p>Su solicitud deber\u00e1 contener la siguiente informaci\u00f3n que se contiene en el formato correspondiente, para ejercer los derechos de acceso, revocaci\u00f3n o cancelaci\u00f3n de sus datos, los cuales se encuentran en el Departamento de Datos Personales referido con anterioridad.<\/p><p>Para mayor informaci\u00f3n, favor de comunicarse al departamento de privacidad al tel\u00e9fono<\/p><p>(722) 217 9666 o al correo electr\u00f3nico:\u00a0<a href=\"mailto:reservas@escajal.com\">passionsecretsyvillas01@gmail.com <\/a>\u00a0o visitar nuestra p\u00e1gina de Internet<a href=\"https:\/\/www.autohotelpuentegrande.com\/\">\u00a0passionsecretsyvillas01@gmail.com<\/a> secci\u00f3n aviso de privacidad completo. Sus datos personales pueden ser transferidos y tratados dentro y fuera del pa\u00eds, por personas distintas a esta empresa. En ese sentido, su informaci\u00f3n puede ser compartida con filiales, subsidiarias, controladoras, accionistas y terceros con quienes tengamos relaciones comerciales, para el cumplimiento de obligaciones contractuales, requerimientos de autoridades, competentes y aquellas propias de nuestro objeto social.<\/p><p>Nos comprometemos a no transferir su informaci\u00f3n personal a terceros sin su consentimiento, salvo las excepciones previstas en el art\u00edculo 37 de la Ley Federal de Protecci\u00f3n de Datos Personales en Posesi\u00f3n de los Particulares, as\u00ed como a realizar esta transferencia en los t\u00e9rminos que fija esa ley.<\/p><p>Salvo en los casos establecidos en el art\u00edculo 37 de la referida Ley, si usted no manifiesta su oposici\u00f3n para que sus datos personales sean transferidos, se entender\u00e1 que ha otorgado su consentimiento para ello.<\/p><ul><li>No consiento que mis datos personales sean transferidos en los t\u00e9rminos que se\u00f1ala el presente aviso.<\/li><\/ul><p>En virtud de que transferiremos datos personales sensibles, requerimos de su consentimiento expreso, de conformidad con lo que establece el art\u00edculo 9 de la Ley en cita, por lo que solicitamos indique si acepta esta transferencia:<\/p><ul><li>Consiento que mis datos personales sensibles sean transferidos conforme a los t\u00e9rminos y condiciones del presente aviso.<\/li><\/ul><p>Nos reservamos el derecho de efectuar en cualquier momento modificaciones o actualizaciones al presente aviso de privacidad, para la atenci\u00f3n de novedades legislativas, pol\u00edticas internas o nuevos requerimientos para la prestaci\u00f3n u ofrecimiento de nuestros servicios o productos.<\/p><p>Estas modificaciones estar\u00e1n disponibles al p\u00fablico a trav\u00e9s de los siguientes medios: (i) anuncios visibles en nuestros establecimientos o centros de atenci\u00f3n a clientes; (ii) tr\u00edpticos o folletos disponibles en nuestros establecimientos o centros de atenci\u00f3n a clientes; (iii) en nuestra p\u00e1gina de Interne <a href=\"https:\/\/passion-secrets.mx\/\">https:\/\/passion-secrets.mx\/<\/a> \u00a0secci\u00f3n aviso de privacidad; (iv) o se las haremos llegar al \u00faltimo correo electr\u00f3nico que nos haya proporcionado.<\/p><p>Las cookies son archivos de texto que son descargados autom\u00e1ticamente y almacenados en el disco duro del equipo de c\u00f3mputo del usuario al navegar en una p\u00e1gina de Internet espec\u00edfica, que permiten recordar al servidor de Internet algunos datos sobre este usuario, entre ellos, sus preferencias para la visualizaci\u00f3n de las p\u00e1ginas en ese servidor, nombre y contrase\u00f1a.<\/p><p>Por su parte, las web beacons son im\u00e1genes insertadas en una p\u00e1gina de Internet o correo electr\u00f3nico, que puede ser utilizado para monitorear el comportamiento de un visitante, como almacenar informaci\u00f3n sobre la direcci\u00f3n IP del usuario, duraci\u00f3n del tiempo de interacci\u00f3n en dicha p\u00e1gina y el tipo de navegador utilizado, entre otros.<\/p><p>Le informamos que utilizamos cookies y web beacons para obtener informaci\u00f3n personal de usted, como la siguiente:<\/p><p>Su tipo de navegador y sistema operativo. Las p\u00e1ginas de Internet que visita. Los v\u00ednculos que sigue. La direcci\u00f3n IP.<\/p><p>El sitio que visit\u00f3 antes de entrar al nuestro. Estas cookies y otras tecnolog\u00edas pueden ser deshabilitadas.<\/p><p>Si usted considera que su derecho de protecci\u00f3n de datos personales ha sido lesionado por alguna conducta de nuestros empleados o de nuestras actuaciones o respuestas, presume que en el tratamiento de sus datos personales existe alguna violaci\u00f3n a las disposiciones previstas en la Ley Federal de Protecci\u00f3n de Datos Personales en Posesi\u00f3n de los Particulares, podr\u00e1 interponer la queja o denuncia correspondiente ante el IFAI, para mayor informaci\u00f3n visite\u00a0<a href=\"http:\/\/www.ifai.org.mx\/\">www.ifai.org.mx<\/a><\/p>\t\t\t\t\t\t\t\t<\/div>\n\t\t\t\t<\/div>\n\t\t\t\t\t<\/div>\n\t\t<\/div>\n\t\t\t\t\t<\/div>\n\t\t<\/section>\n\t\t\t\t<\/div>\n\t\t","protected":false},"excerpt":{"rendered":"<p>Aviso de privacidad Ceronueve 71 S.A. de C.V. con domicilio en Av. Paseo Tollocan Oriente 806, Santa Ana Tlapaltitlan, Toluca CP 50160, M\u00e9xico, es responsable del tratamiento de sus datos personales. C\u00f3mo contactarnos: Oficina de privacidad: Departamento de Protecci\u00f3n de Datos Personales ubicado en el \u00e1rea de Recursos Humanos Domicilio: Av. Paseo Tollocan Oriente 806, [&hellip;]<\/p>\n","protected":false},"author":1,"featured_media":0,"parent":0,"menu_order":0,"comment_status":"closed","ping_status":"closed","template":"","meta":{"footnotes":""},"class_list":["post-772","page","type-page","status-publish","hentry"],"_links":{"self":[{"href":"https:\/\/passion-secrets.mx\/habitaciones\/wp-json\/wp\/v2\/pages\/772","targetHints":{"allow":["GET"]}}],"collection":[{"href":"https:\/\/passion-secrets.mx\/habitaciones\/wp-json\/wp\/v2\/pages"}],"about":[{"href":"https:\/\/passion-secrets.mx\/habitaciones\/wp-json\/wp\/v2\/types\/page"}],"author":[{"embeddable":true,"href":"https:\/\/passion-secrets.mx\/habitaciones\/wp-json\/wp\/v2\/users\/1"}],"replies":[{"embeddable":true,"href":"https:\/\/passion-secrets.mx\/habitaciones\/wp-json\/wp\/v2\/comments?post=772"}],"version-history":[{"count":16,"href":"https:\/\/passion-secrets.mx\/habitaciones\/wp-json\/wp\/v2\/pages\/772\/revisions"}],"predecessor-version":[{"id":790,"href":"https:\/\/passion-secrets.mx\/habitaciones\/wp-json\/wp\/v2\/pages\/772\/revisions\/790"}],"wp:attachment":[{"href":"https:\/\/passion-secrets.mx\/habitaciones\/wp-json\/wp\/v2\/media?parent=772"}],"curies":[{"name":"wp","href":"https:\/\/api.w.org\/{rel}","templated":true}]}}